{"id":298,"date":"2021-01-03T11:38:33","date_gmt":"2021-01-03T11:38:33","guid":{"rendered":"http:\/\/127.0.0.1\/elementor\/?page_id=298"},"modified":"2023-12-02T23:45:23","modified_gmt":"2023-12-02T23:45:23","slug":"about","status":"publish","type":"page","link":"https:\/\/pubpack.tn\/?page_id=298","title":{"rendered":"About"},"content":{"rendered":"\t\t<div data-elementor-type=\"wp-page\" data-elementor-id=\"298\" class=\"elementor elementor-298\" data-elementor-settings=\"[]\">\n\t\t\t\t\t\t<div class=\"elementor-inner\">\n\t\t\t\t\t\t\t<div class=\"elementor-section-wrap\">\n\t\t\t\t\t\t\t<section class=\"elementor-section elementor-top-section elementor-element elementor-element-85b96b9 elementor-section-stretched about text-center pt-90 elementor-section-full_width elementor-section-height-default elementor-section-height-default\" data-id=\"85b96b9\" data-element_type=\"section\" data-settings=\"{&quot;stretch_section&quot;:&quot;section-stretched&quot;}\">\n\t\t\t\t\t\t<div class=\"elementor-container elementor-column-gap-no\">\n\t\t\t\t\t\t\t<div class=\"elementor-row\">\n\t\t\t\t\t<div class=\"elementor-column elementor-col-100 elementor-top-column elementor-element elementor-element-563f111\" data-id=\"563f111\" data-element_type=\"column\">\n\t\t\t<div class=\"elementor-column-wrap elementor-element-populated\">\n\t\t\t\t\t\t\t<div class=\"elementor-widget-wrap\">\n\t\t\t\t\t\t<div class=\"elementor-element elementor-element-071803a elementor-widget elementor-widget-keira-about\" data-id=\"071803a\" data-element_type=\"widget\" data-widget_type=\"keira-about.default\">\n\t\t\t\t<div class=\"elementor-widget-container\">\n\t\t\t\r\n\t\t<div class=\"container\">\r\n\t\t\t<div class=\"about-blok\">\r\n\t\t\t\t<div class=\"row\">\r\n\t\t\t\t\t<div class=\"aboutinfo\">\r\n\t\t\t\t\t\t<div class=\"col-md-12 col-lg-6\">\r\n\t\t\t\t\t\t\t<div class=\"about-img\">\r\n\t\t\t\t\t\t\t\t<img src=\"https:\/\/pubpack.tn\/wp-content\/uploads\/2023\/12\/site-web01.png\" alt=\"img\">\t\t\t\t\t\t\t<\/div>\r\n\t\t\t\t\t\t<\/div>\r\n\t\t\t\t\t\t<div class=\"col-md-12 col-lg-6\">\r\n\t\t\t\t\t\t\t<div class=\"about-descr text-left\">\r\n\t\t\t\t\t\t\t\t<h3 class=\"title\">Qui somme nous?<\/h3>\r\n\t\t\t\t\t\t\t\t<p class=\"separator\">Cr\u00e9e en 2019, l\u2019agence PubPack se sp\u00e9cialise dans l\u2019acquisition de client\u00e8le en ligne. Ax\u00e9e sur la performance, notre \u00e9quipe a comme objectif de livrer le meilleur du num\u00e9rique gr\u00e2ce aux nouvelles technologies. Peu importe la taille du mandat, notre mot d\u2019ordre reste le m\u00eame : mettre \u00e0 profit notre expertise marketing pour \u00e9laborer des strat\u00e9gies web qui sauront g\u00e9n\u00e9rer des r\u00e9sultats tangibles et contribuer \u00e0 la croissance de votre entreprise. De l\u2019id\u00e9e \u00e0 la r\u00e9alisation! de la conceprion graphique \u00e0 la r\u00e9alisation et l\u2019impression en tout type de format.<\/p>\r\n\t\t\t\t\t\t\t\t<ul class=\"skills-bar-container list-unstyled\">\r\n\t\t\t\t\t\t\t\t    \t\t\t\t\t\t\t\t\t<li>\r\n\t\t\t\t\t\t\t\t\t\t<div class=\"progressbar-title\">\r\n\t\t\t\t\t\t\t\t\t\t\t<h3>Product Design<\/h3>\r\n\t\t\t\t\t\t\t\t\t\t\t<span class=\"percent\">100%<\/span>\r\n\t\t\t\t\t\t\t\t\t\t<\/div>\r\n\t\t\t\t\t\t\t\t\t\t<div class=\"bar-container\">\r\n\t\t\t\t\t\t\t\t\t\t\t<span class=\"progressbar progressred\" data-value=\"100\"><\/span>\r\n\t\t\t\t\t\t\t\t\t\t<\/div>\r\n\t\t\t\t\t\t\t\t\t<\/li>\r\n\t\t\t\t\t\t\t\t\t\t\t\t\t\t\t\t\t\t<li>\r\n\t\t\t\t\t\t\t\t\t\t<div class=\"progressbar-title\">\r\n\t\t\t\t\t\t\t\t\t\t\t<h3>Ux Design<\/h3>\r\n\t\t\t\t\t\t\t\t\t\t\t<span class=\"percent\">90%<\/span>\r\n\t\t\t\t\t\t\t\t\t\t<\/div>\r\n\t\t\t\t\t\t\t\t\t\t<div class=\"bar-container\">\r\n\t\t\t\t\t\t\t\t\t\t\t<span class=\"progressbar progressred\" data-value=\"90\"><\/span>\r\n\t\t\t\t\t\t\t\t\t\t<\/div>\r\n\t\t\t\t\t\t\t\t\t<\/li>\r\n\t\t\t\t\t\t\t\t\t\t\t\t\t\t\t\t\t\t<li>\r\n\t\t\t\t\t\t\t\t\t\t<div class=\"progressbar-title\">\r\n\t\t\t\t\t\t\t\t\t\t\t<h3>Mobile Design<\/h3>\r\n\t\t\t\t\t\t\t\t\t\t\t<span class=\"percent\">70%<\/span>\r\n\t\t\t\t\t\t\t\t\t\t<\/div>\r\n\t\t\t\t\t\t\t\t\t\t<div class=\"bar-container\">\r\n\t\t\t\t\t\t\t\t\t\t\t<span class=\"progressbar progressred\" data-value=\"70\"><\/span>\r\n\t\t\t\t\t\t\t\t\t\t<\/div>\r\n\t\t\t\t\t\t\t\t\t<\/li>\r\n\t\t\t\t\t\t\t\t\t\t\t\t\t\t\t\t\t<\/ul>\r\n\t\t\t\t\t\t\t\t<a href=\"#\" class=\"btn draw\">contacter nous <i class=\"fa fa-angle-right\"><\/i> <\/a>\r\n\t\t\t\t\t\t\t<\/div>\r\n\t\t\t\t\t\t<\/div>\r\n\t\t\t\t\t<\/div>\r\n\t\t\t\t<\/div>\r\n\t\t\t<\/div>\r\n\t\t<\/div>\r\n\r\n\t\t<script>\r\n\t\t\t(function($) {\r\n\t\t\t\tvar multiply = 2;\r\n\t\t\t\tfunction skillsProgress() {\r\n\t\t\t\t\t$(\".bar-container\").each(function () {\r\n\t\t\t\t\t\tvar delay = 600,\r\n\t\t\t\t\t\tprogressBar = $(this).find(\".progressbar\");\r\n\t\t\t\t\t\tsetTimeout(function() {\r\n\t\t\t\t\t\t\tprogressBar.animate({\r\n\t\t\t\t\t\t\t\t'width': progressBar.attr(\"data-value\") + \"%\"\r\n\t\t\t\t\t\t\t}, 600);\r\n\t\t\t\t\t\t}, delay * multiply);\r\n\r\n\t\t\t\t\t\tmultiply++;\r\n\t\t\t\t\t});\r\n\t\t\t\t}\r\n\r\n\t\t\t\tskillsProgress();\r\n\r\n\t\t\t})(jQuery);\r\n\t\t<\/script>\r\n\r\n        \t\t<\/div>\n\t\t\t\t<\/div>\n\t\t\t\t\t\t<\/div>\n\t\t\t\t\t<\/div>\n\t\t<\/div>\n\t\t\t\t\t\t\t\t<\/div>\n\t\t\t\t\t<\/div>\n\t\t<\/section>\n\t\t\t\t<section class=\"elementor-section elementor-top-section elementor-element elementor-element-460acf4 elementor-section-stretched counter text-center pt-90 elementor-section-full_width elementor-section-height-default elementor-section-height-default\" data-id=\"460acf4\" data-element_type=\"section\" data-settings=\"{&quot;stretch_section&quot;:&quot;section-stretched&quot;}\">\n\t\t\t\t\t\t<div class=\"elementor-container elementor-column-gap-no\">\n\t\t\t\t\t\t\t<div class=\"elementor-row\">\n\t\t\t\t\t<div class=\"elementor-column elementor-col-100 elementor-top-column elementor-element elementor-element-724a1c0\" data-id=\"724a1c0\" data-element_type=\"column\">\n\t\t\t<div class=\"elementor-column-wrap elementor-element-populated\">\n\t\t\t\t\t\t\t<div class=\"elementor-widget-wrap\">\n\t\t\t\t\t\t<div class=\"elementor-element elementor-element-c095990 elementor-widget elementor-widget-keira-fact\" data-id=\"c095990\" data-element_type=\"widget\" data-widget_type=\"keira-fact.default\">\n\t\t\t\t<div class=\"elementor-widget-container\">\n\t\t\t\r\n\t\t<div class=\"container\">\r\n\t\t\t<div class=\"fullcounter\" id=\"counter\">\r\n\t\t\t\t<div class=\"row\">\r\n\t\t\t        \t\t\t\t\t<div class=\"col-md-12 col-lg-4 brd brdnone\">\r\n\t\t\t\t\t\t<div class=\"itemcounter r-mb-30\">\r\n\t\t\t\t\t\t\t<h3><span class=\"counter-value\" data-count=\"396\">0<\/span><sup>+<\/sup><\/h3>\r\n\t\t\t\t\t\t\t<h4 class=\"maintitle\">Clients Satisfaits<\/h4>\r\n\t\t\t\t\t\t<\/div>\r\n\t\t\t\t\t<\/div>\r\n\t\t\t\t\t\t\t\t\t\t<div class=\"col-md-12 col-lg-4 brd brdnone\">\r\n\t\t\t\t\t\t<div class=\"itemcounter r-mb-30\">\r\n\t\t\t\t\t\t\t<h3><span class=\"counter-value\" data-count=\"32\">0<\/span><sup>+<\/sup><\/h3>\r\n\t\t\t\t\t\t\t<h4 class=\"maintitle\">Partenaires<\/h4>\r\n\t\t\t\t\t\t<\/div>\r\n\t\t\t\t\t<\/div>\r\n\t\t\t\t\t\t\t\t\t\t<div class=\"col-md-12 col-lg-4 brd brdnone\">\r\n\t\t\t\t\t\t<div class=\"itemcounter r-mb-30\">\r\n\t\t\t\t\t\t\t<h3><span class=\"counter-value\" data-count=\"7\">0<\/span><sup>+<\/sup><\/h3>\r\n\t\t\t\t\t\t\t<h4 class=\"maintitle\">equipe<\/h4>\r\n\t\t\t\t\t\t<\/div>\r\n\t\t\t\t\t<\/div>\r\n\t\t\t\t\t\t\t\t\t<\/div>\r\n\t\t\t<\/div>\r\n\t\t<\/div>\r\n\r\n        \t\t<\/div>\n\t\t\t\t<\/div>\n\t\t\t\t\t\t<\/div>\n\t\t\t\t\t<\/div>\n\t\t<\/div>\n\t\t\t\t\t\t\t\t<\/div>\n\t\t\t\t\t<\/div>\n\t\t<\/section>\n\t\t\t\t<section class=\"elementor-section elementor-top-section elementor-element elementor-element-d84ba32 elementor-section-stretched resume text-center pt-60 elementor-section-full_width elementor-section-height-default elementor-section-height-default\" data-id=\"d84ba32\" data-element_type=\"section\" data-settings=\"{&quot;stretch_section&quot;:&quot;section-stretched&quot;}\">\n\t\t\t\t\t\t<div class=\"elementor-container elementor-column-gap-no\">\n\t\t\t\t\t\t\t<div class=\"elementor-row\">\n\t\t\t\t\t<div class=\"elementor-column elementor-col-100 elementor-top-column elementor-element elementor-element-6457d4d\" data-id=\"6457d4d\" data-element_type=\"column\">\n\t\t\t<div class=\"elementor-column-wrap elementor-element-populated\">\n\t\t\t\t\t\t\t<div class=\"elementor-widget-wrap\">\n\t\t\t\t\t\t<div class=\"elementor-element elementor-element-74c61a3 elementor-widget elementor-widget-keira-main-title\" data-id=\"74c61a3\" data-element_type=\"widget\" data-widget_type=\"keira-main-title.default\">\n\t\t\t\t<div class=\"elementor-widget-container\">\n\t\t\t\r\n\t\t<div class=\"container\">\r\n            <div class=\"section-title\">\r\n                <h2>notre strat\u00e9gie<\/h2>\r\n            <\/div>\r\n        <\/div>\r\n\r\n        \t\t<\/div>\n\t\t\t\t<\/div>\n\t\t\t\t<div class=\"elementor-element elementor-element-62e8cab elementor-widget elementor-widget-keira-resume\" data-id=\"62e8cab\" data-element_type=\"widget\" data-widget_type=\"keira-resume.default\">\n\t\t\t\t<div class=\"elementor-widget-container\">\n\t\t\t       \r\n\t   <div class=\"container \">\r\n\t\t\t<div class=\"row \">\r\n\t\t\t\t<div class=\"col-md-12 col-lg-4 resume-item\">\r\n\t\t\t\t\t<div class=\"resume-info selected text-left r-mb-30\">\r\n\t\t\t\t\t\t<h4 class=\"maintitle\">Ecouter<\/h4>\r\n\t\t\t\t\t\t<p class=\"separator\">Nous invitons nos clients \u00e0 une caf\u00e9 pour communiquer le besoin de leurs entreprises et les strat\u00e9gies n\u00e9cessaires pour r\u00e9ussir \u00e9merger leurs business dans le march\u00e9.<\/p>\r\n\t\t\t\t\t\t<div class=\"res-line\"><\/div>\r\n\t\t\t\t\t\t<ul class=\"res-list\">\r\n\t\t\t\t\t\t    \t\t\t\t\t\t\t<li>\r\n\t\t\t\t\t\t\t\t\t\t\t\t\t\t\t<p class=\"separator \">\t\t\t\t\t\t\t\t<\/p>\r\n\t\t\t\t\t\t\t<\/li>\r\n\t\t\t\t\t\t\t\t\t\t\t\t\t<\/ul>\r\n\t\t\t\t\t<\/div>\r\n\t\t\t\t<\/div>\r\n\t\t\t\t<div class=\"col-md-12 col-lg-4 resume-item\">\r\n\t\t\t\t\t<div class=\"resume-info text-left r-mb-30\">\r\n\t\t\t\t\t\t<h4 class=\"maintitle\">Ex\u00e9cuter<\/h4>\r\n\t\t\t\t\t\t<p class=\"separator\">D\u2019une id\u00e9e \u00e0 une action! C\u2019est l\u2019ex\u00e9cution de la prestation quelque soit le support. Grace \u00e0 notre large gammes des services, nous permettons \u00e0 votre id\u00e9e \u00e0 prendre forme!<\/p>\r\n\t\t\t\t\t\t<div class=\"res-line\"><\/div>\r\n\t\t\t\t\t\t<ul class=\"res-list\">\r\n\t\t\t\t\t\t    \t\t\t\t\t\t\t<li>\r\n\t\t\t\t\t\t\t\t\t\t\t\t\t\t\t<p class=\"separator\"><\/p>\r\n\t\t\t\t\t\t\t<\/li>\r\n\t\t\t\t\t\t\t\t\t\t\t\t\t<\/ul>\r\n\t\t\t\t\t<\/div>\r\n\t\t\t\t<\/div>\r\n\t\t\t\t<div class=\"col-md-12 col-lg-4 resume-item\">\r\n\t\t\t\t\t<div class=\"resume-info text-left\">\r\n\t\t\t\t\t\t<h4 class=\"maintitle\">Suivre<\/h4>\r\n\t\t\t\t\t\t<p class=\"separator\">Apr\u00e8s la r\u00e9alisation, nous suivons nos clients afin d\u2019assurer la r\u00e9ussite de la prestation et construire une relation de confiance.<\/p>\r\n\t\t\t\t\t\t<div class=\"res-line\"><\/div>\r\n\t\t\t\t\t\t<ul class=\"res-list\">\r\n\t\t\t\t\t\t    \t\t\t\t\t\t\t<li>\r\n\t\t\t\t\t\t\t\t\t\t\t\t\t\t\t<p class=\"separator\"><\/p>\r\n\t\t\t\t\t\t\t<\/li>\r\n\t\t\t\t\t\t\t\t\t\t\t\t\t<\/ul>\r\n\t\t\t\t\t<\/div>\r\n\t\t\t\t<\/div>\r\n\t\t\t<\/div>\r\n\t\t<\/div>\r\n\r\n        \t\t<\/div>\n\t\t\t\t<\/div>\n\t\t\t\t\t\t<\/div>\n\t\t\t\t\t<\/div>\n\t\t<\/div>\n\t\t\t\t\t\t\t\t<\/div>\n\t\t\t\t\t<\/div>\n\t\t<\/section>\n\t\t\t\t<section class=\"elementor-section elementor-top-section elementor-element elementor-element-b726458 elementor-section-stretched team pt-90 pb-90 elementor-section-full_width elementor-section-height-default elementor-section-height-default\" data-id=\"b726458\" data-element_type=\"section\" data-settings=\"{&quot;stretch_section&quot;:&quot;section-stretched&quot;}\">\n\t\t\t\t\t\t<div class=\"elementor-container elementor-column-gap-no\">\n\t\t\t\t\t\t\t<div class=\"elementor-row\">\n\t\t\t\t\t<div class=\"elementor-column elementor-col-100 elementor-top-column elementor-element elementor-element-bb16fe8\" data-id=\"bb16fe8\" data-element_type=\"column\">\n\t\t\t<div class=\"elementor-column-wrap elementor-element-populated\">\n\t\t\t\t\t\t\t<div class=\"elementor-widget-wrap\">\n\t\t\t\t\t\t<div class=\"elementor-element elementor-element-812f28e elementor-widget elementor-widget-keira-main-title\" data-id=\"812f28e\" data-element_type=\"widget\" data-widget_type=\"keira-main-title.default\">\n\t\t\t\t<div class=\"elementor-widget-container\">\n\t\t\t\r\n\t\t<div class=\"container\">\r\n            <div class=\"section-title\">\r\n                <h2>\" D\u2019une id\u00e9e \u00e0 une action! \"<\/h2>\r\n            <\/div>\r\n        <\/div>\r\n\r\n        \t\t<\/div>\n\t\t\t\t<\/div>\n\t\t\t\t<div class=\"elementor-element elementor-element-50f16cd elementor-widget elementor-widget-keira-team\" data-id=\"50f16cd\" data-element_type=\"widget\" data-widget_type=\"keira-team.default\">\n\t\t\t\t<div class=\"elementor-widget-container\">\n\t\t\t       \r\n\t   <div class=\"container\">\r\n\t\t\t<div class=\"row\">\r\n\t\t\t    \t\t\t\t<div class=\"col-md-12 col-lg-4 teamiteam-iteam\">\r\n\t\t\t\t\t<div class=\"teamiteam r-mb-30\">\r\n\t\t\t\t\t\t<div class=\"imgteam\">\r\n\t\t\t\t\t\t    <img src=\"https:\/\/pubpack.tn\/wp-content\/uploads\/2023\/12\/site-web04.png\" alt=\"img\">\t\t\t\t\t\t\t<div class=\"socials-media text-center\">\r\n\t\t\t\t\t\t\t\t<ul class=\"list-unstyled \">\r\n\t\t\t\t\t\t\t\t    <li><a href=\"#\"><i class=\"fa fa-facebook \"><\/i><\/a><\/li>\r\n                                    <li><a href=\"#\"><i class=\"fa fa-twitter \"><\/i><\/a><\/li>\r\n                                    <li><a href=\"#\"><i class=\"fa fa-linkedin \"><\/i><\/a><\/li>\r\n                                    <li><a href=\"#\"><i class=\"fa fa-instagram \"><\/i><\/a><\/li>\r\n                                    <li><a href=\"#\"><i class=\"fa fa-behance \"><\/i><\/a><\/li>\r\n\t\t\t\t\t\t\t\t<\/ul>\r\n\t\t\t\t\t\t\t<\/div>\r\n\t\t\t\t\t\t<\/div>\r\n\t\t\t\t\t\t<div class=\"btmteam\">\r\n\t\t\t\t\t\t\t<a href=\"#\">\r\n\t\t\t\t\t\t\t\t<h4 class=\"maintitle\">Imen Khayat<\/h4>\r\n\t\t\t\t\t\t\t<\/a>\r\n\t\t\t\t\t\t\t<p class=\"separator\">Hed Manager<\/p>\r\n\t\t\t\t\t\t<\/div>\r\n\t\t\t\t\t<\/div>\r\n\t\t\t\t<\/div>\r\n\t\t\t\t\t\t\t<\/div>\r\n\t\t<\/div>\r\n        \t\t<\/div>\n\t\t\t\t<\/div>\n\t\t\t\t\t\t<\/div>\n\t\t\t\t\t<\/div>\n\t\t<\/div>\n\t\t\t\t\t\t\t\t<\/div>\n\t\t\t\t\t<\/div>\n\t\t<\/section>\n\t\t\t\t\t\t<\/div>\n\t\t\t\t\t\t<\/div>\n\t\t\t\t\t<\/div>\n\t\t","protected":false},"excerpt":{"rendered":"<p>Qui somme nous? Cr\u00e9e en 2019, l\u2019agence PubPack se sp\u00e9cialise dans l\u2019acquisition de client\u00e8le en &#8230;<\/p>\n","protected":false},"author":1,"featured_media":0,"parent":0,"menu_order":0,"comment_status":"closed","ping_status":"closed","template":"","meta":[],"_links":{"self":[{"href":"https:\/\/pubpack.tn\/index.php?rest_route=\/wp\/v2\/pages\/298"}],"collection":[{"href":"https:\/\/pubpack.tn\/index.php?rest_route=\/wp\/v2\/pages"}],"about":[{"href":"https:\/\/pubpack.tn\/index.php?rest_route=\/wp\/v2\/types\/page"}],"author":[{"embeddable":true,"href":"https:\/\/pubpack.tn\/index.php?rest_route=\/wp\/v2\/users\/1"}],"replies":[{"embeddable":true,"href":"https:\/\/pubpack.tn\/index.php?rest_route=%2Fwp%2Fv2%2Fcomments&post=298"}],"version-history":[{"count":31,"href":"https:\/\/pubpack.tn\/index.php?rest_route=\/wp\/v2\/pages\/298\/revisions"}],"predecessor-version":[{"id":2875,"href":"https:\/\/pubpack.tn\/index.php?rest_route=\/wp\/v2\/pages\/298\/revisions\/2875"}],"wp:attachment":[{"href":"https:\/\/pubpack.tn\/index.php?rest_route=%2Fwp%2Fv2%2Fmedia&parent=298"}],"curies":[{"name":"wp","href":"https:\/\/api.w.org\/{rel}","templated":true}]}}